{"id":31,"date":"2010-12-13T21:47:32","date_gmt":"2010-12-13T21:47:32","guid":{"rendered":"http:\/\/dariola.net\/azubiaga\/?page_id=31"},"modified":"2010-12-13T21:47:32","modified_gmt":"2010-12-13T21:47:32","slug":"berriak","status":"publish","type":"page","link":"https:\/\/www.augustozubiaga.com\/web\/berriak\/","title":{"rendered":"baliabideak"},"content":{"rendered":"<p>\u00a0<\/p>\n<p>Ikerkuntza eta irakaskuntzarako material eta baliabideak. Bertan, behe mailako teknologiaz garatutako proposamen didaktikoak aurkituko dira, Arte Ederretako\u00a0\u00abIrudi teknologikoa\u00bb, \u00abEuskarri berriak eskultura eremuan\u00bb, edota \u00abEuskarri berriak eta\u00a0interakzioa\u00bb \u00a0Masterrean erabiliak.\u00a0\u00a0<\/p>\n<p>Material docente y de investigaci\u00f3n. Se hallar\u00e1n proyectos de baja tecnolog\u00eda\u00a0desarrollados\u00a0como soporte de la docencia de asignaturas como Imagen tecnol\u00f3gica, Nuevos soportes en la pr\u00e1ctica escult\u00f3rica, o el Curso de master Interacci\u00f3n y nuevos soportes.\u00a0\u00a0<a href=\"http:\/\/www.augustozubiaga.com\/site\/category\/baliabideak\/\">http:\/\/www.augustozubiaga.com\/site\/category\/baliabideak\/<\/a><\/p>\n","protected":false},"excerpt":{"rendered":"<p>\u00a0 Ikerkuntza eta irakaskuntzarako material eta baliabideak. Bertan, behe mailako teknologiaz garatutako proposamen didaktikoak aurkituko dira, Arte Ederretako\u00a0\u00abIrudi teknologikoa\u00bb, \u00abEuskarri berriak eskultura eremuan\u00bb, edota \u00abEuskarri berriak eta\u00a0interakzioa\u00bb \u00a0Masterrean erabiliak.\u00a0\u00a0 Material [&hellip;]<\/p>\n","protected":false},"author":1,"featured_media":0,"parent":0,"menu_order":4,"comment_status":"closed","ping_status":"closed","template":"","meta":{"footnotes":""},"class_list":["post-31","page","type-page","status-publish","hentry"],"_links":{"self":[{"href":"https:\/\/www.augustozubiaga.com\/web\/wp-json\/wp\/v2\/pages\/31","targetHints":{"allow":["GET"]}}],"collection":[{"href":"https:\/\/www.augustozubiaga.com\/web\/wp-json\/wp\/v2\/pages"}],"about":[{"href":"https:\/\/www.augustozubiaga.com\/web\/wp-json\/wp\/v2\/types\/page"}],"author":[{"embeddable":true,"href":"https:\/\/www.augustozubiaga.com\/web\/wp-json\/wp\/v2\/users\/1"}],"replies":[{"embeddable":true,"href":"https:\/\/www.augustozubiaga.com\/web\/wp-json\/wp\/v2\/comments?post=31"}],"version-history":[{"count":0,"href":"https:\/\/www.augustozubiaga.com\/web\/wp-json\/wp\/v2\/pages\/31\/revisions"}],"wp:attachment":[{"href":"https:\/\/www.augustozubiaga.com\/web\/wp-json\/wp\/v2\/media?parent=31"}],"curies":[{"name":"wp","href":"https:\/\/api.w.org\/{rel}","templated":true}]}}