{"id":566,"date":"2010-08-14T12:47:17","date_gmt":"2010-08-14T12:47:17","guid":{"rendered":"http:\/\/dariola.net\/azubiaga\/?page_id=2"},"modified":"2019-07-12T15:36:16","modified_gmt":"2019-07-12T15:36:16","slug":"about-2","status":"publish","type":"page","link":"https:\/\/www.augustozubiaga.com\/web\/about-2\/","title":{"rendered":"BIO"},"content":{"rendered":"<p><a href=\"http:\/\/www.augustozubiaga.com\/web\/wp-content\/uploads\/2019\/06\/IMG_5591.jpg\"><img loading=\"lazy\" decoding=\"async\" class=\"alignnone wp-image-1918 size-large\" title=\"SUNP0001\" src=\"http:\/\/www.augustozubiaga.com\/web\/wp-content\/uploads\/2019\/06\/IMG_5591-1024x768.jpg\" alt=\"\" width=\"647\" height=\"485\" srcset=\"https:\/\/www.augustozubiaga.com\/web\/wp-content\/uploads\/2019\/06\/IMG_5591-1024x768.jpg 1024w, https:\/\/www.augustozubiaga.com\/web\/wp-content\/uploads\/2019\/06\/IMG_5591-300x225.jpg 300w, https:\/\/www.augustozubiaga.com\/web\/wp-content\/uploads\/2019\/06\/IMG_5591-768x576.jpg 768w\" sizes=\"auto, (max-width: 647px) 100vw, 647px\" \/><\/a><\/p>\n<p>BIOGRAPHY<\/p>\n<p>&#8211; Augusto Zubiaga was born in the Basque Country&nbsp; in 1965<br>&#8211;&nbsp;Phd. &nbsp;in Fine Arts and&nbsp;Professor&nbsp;&nbsp;in the Fine Arts School of the Basque Country University (UPV-EHU) Since 1996<br>&#8211; His short videowork \u201cTRIPTIKO\u201d was selected in EMAF 2000 Osnabrueck<br>&#8211; Winner in the \u201cFestival de Creaci\u00f3n audiovisual de Navarra\u201d with his work \u201cNIRE AMAREN ETXEA\u201d in 2000<br>&#8211; Awarded in the \u201cFestival de Video de Vitoria\u201d in 2001<br>&#8211; His installations (Low tech cinematography and electronic art) have been seen in Basque Country, Spain, England, Germany,&nbsp; Austria, Denmark, and Portugal.<\/p>\n<p>CONTACT:<\/p>\n<p>augustopedro.zubiaga@ehu.eus<\/p>\n<p>Euskal Herriko Unibertsitatea-University of the Basque Country<br>Departamento de Escultura<br>Facultad de Bellas Artes \/ Arte Ederren Fakultatea<br>Barrio de Sarriena s\/n 48940 Leioa &#8211; Bizkaia &#8211; Basque Country &#8211; Spain<\/p>\n<p><\/p>\n<p><\/p>\n\n\n<p><\/p>\n\n\n\n<p><\/p>\n\n\n\n<p>ACTIVIDADES (de investigaci\u00f3n desde las artes):<\/p>\n\n\n\n<p style=\"text-align:left\">Mis intereses se han orientado siempre en la l\u00ednea de&nbsp; <strong>procesos de trabajo DIY (Hik Heuk Ekintzak) de bajo costo en el \u00e1mbito STEAM<\/strong> (Ciencia, Tecnolog\u00eda, Ingenier\u00eda, Arte, Matem\u00e1ticas).<\/p>\n\n\n\n<p>As\u00ed, en el marco de investigaci\u00f3n de mi tesis doctoral,&nbsp; en el periodo comprendido entre 1991 y 1994 desarroll\u00e9 un entramado t\u00e9cnico \u00abH\u00e1galo Usted Mismo\u00bb en el \u00e1mbito de la <strong>cinematograf\u00eda<\/strong>,&nbsp;&nbsp;construyendo con material reciclado un tomavistas\/proyector cinematogr\u00e1fico de 35 mm,  desarrollando conocimientos de mec\u00e1nica, \u00f3ptica y procesado de material f\u00edlmico. Ello me permiti\u00f3 participar <strong>&nbsp;en varios festivales de creaci\u00f3n audiovisual en el \u00e1mbito estatal e internacional<\/strong>, como el&nbsp; European Media Art Festival <strong>EMAF2000<\/strong>  (Osnabruck, Alemania), el Festival de Creaci\u00f3n Audiovisual de Navarra en 1999 y 2000,  el Festival VTV de Vitoria-Gasteiz 2000, o  la Muestra de Cine Internacional de Palencia en 2001,&nbsp; y obtener varios&nbsp; <strong>premios de videocreaci\u00f3n<\/strong> en cert\u00e1menes competitivos con amplia representaci\u00f3n estatal&nbsp; (Festival de Creaci\u00f3n Audiovisual de Navarra 2000<strong>: 1\u00ba Premio de Videocreaci\u00f3n<\/strong>, Festival VTV 2001<strong>: Premio de Recursos de Producci\u00f3n<\/strong>. &nbsp; <\/p>\n\n\n\n<p>En consonancia con el <strong>cambio de paradigma<\/strong> que nos ha tocado vivir a los que no somos nativos digitales, al primer inter\u00e9s por la cinematograf\u00eda&nbsp; se&nbsp; ha ido sumando&nbsp; paulatinamente un nuevo inter\u00e9s por  contenidos relacionados con <strong>la neurociencia &nbsp;y la electr\u00f3nica anal\u00f3gica y digital, <\/strong>y en concreto, en su capacidad de servir de sistemas de representaci\u00f3n. <\/p>\n\n\n\n<p>La l\u00ednea de trabajo <strong>actualmente<\/strong> en desarrollo,\u00a0 aborda \u00a0un campo de <strong>investigaci\u00f3n  en el \u00e1mbito de la computaci\u00f3n conexionista de inspiraci\u00f3n biol\u00f3gica<\/strong>, \u00a0\u00a0con contenidos te\u00f3rico-pr\u00e1cticos que est\u00e1n dando pie a distintas piezas o estudios art\u00edsticos relacionados con la gram\u00e1tica conexionista, como <em>\u00abGaruna\u00bb<\/em>  o \u00ab<em>Gut Reaction\u00bb<\/em> (v\u00e9ase <strong>www.augusto Zubiaga.com\/artelanak<\/strong>), junto a\u00a0 varias <strong>publicaciones<\/strong> , como el articulo <em>\u00abMehr Licht, la gesti\u00f3n de lo inexplicable, luces y sombras de las pr\u00e1cticas transdisciplinares tecnoart\u00edsticas\u00bb<\/em>  en la <strong>Revista Arte y pol\u00edticas de Identidad<\/strong> (Universidad de Murcia), o el ensayo visual <em>\u00abMongo, Refuse or Resource\u00bb<\/em>, donde se reflexiona \u00a0acerca de lo desechado, recuperado y reciclado, publicado en <strong>la revista internacional\u00a0 IJETA <\/strong>(International Journal of Education Through Art) en 2013, o tambi\u00e9n el cap\u00edtulo de Libro \u00ab<em>Desired Problems, an artistic approach in the field of neural networks\u00bb<\/em> , publicado en 2015 por <strong> DeGruyter<\/strong>,\u00a0 as\u00ed <strong>como exposiciones,\u00a0 ponencias,\u00a0 comunicaciones y workshops<\/strong> en\u00a0\u00a0 simposios y congresos internacionales, como \u00a0la propuesta\u00a0 <em>\u00abDIY neural Networks\u00bb<\/em>, en el\u00a0 workshop desarrollado en  <strong>el Simposio D-Art <\/strong>organizado por la<strong> Facultad de Dise\u00f1o y Artes Aplicadas de Viena en 2015<\/strong>, donde se mostr\u00f3 la manera de construir simulacros plenamente funcionales de\u00a0 redes neuronales en un entorno l\u00fadico y participativo, o la\u00a0 Instalaci\u00f3n \u00a0<em>\u00abCritical Care-Cuidados Intensivos\u00bb<\/em>, expuesta tanto en el mencionado Simposium Didactic-Art , as\u00ed como\u00a0 tambi\u00e9n en el marco del <strong>Congreso<\/strong> <strong>Internacional Risks and Opportunities for Visual Arts Education, <\/strong>celebrado en <strong>Lisboa en 2015<\/strong>, y en el\u00a0\u00a0 <strong>II Cogreso Internacional Arte Ciencia Ciudad- ASC <\/strong>organizado por la Facultad de Bellas Artes de la Universidad Polit\u00e9cnica de <strong>Valencia en 2015.<\/strong><\/p>\n\n\n\n<p>En continuidad con las actividades relacionadas con la tem\u00e1tica de las redes neuronales,  esta l\u00ednea de trabajo se ha podido exponer recientemente en el marco de la <strong>Conferencia Internacional EVA-Copenhaguen 2018<\/strong>, organizada por la Aalborg University, con la Instalaci\u00f3n <em>\u00abSee and be Seen\u00bb<\/em> y el art\u00edculo hom\u00f3nimo publicado en la plataforma digital de la <strong>British Computer Society<\/strong>.&nbsp; Una versi\u00f3n avanzada de la propuesta instalativa <em>\u00abSee and be Seen<\/em>\u00bb ha sido expuesta tambi\u00e9n &nbsp;en el marco de la<strong> 21\u00ba International Conference&nbsp; Consciousness Reframed 2019<\/strong>, organizada en Oporto por la Universidad Cat\u00f3lica Portuguesa,&nbsp; que ha contado con participantes de renombre internacional, como Marta de Menezes, Victoria Vesna, Laura Beloff, o Roy Ascott. <\/p>\n\n\n\n<p><\/p>\n","protected":false},"excerpt":{"rendered":"<p>BIOGRAPHY &#8211; Augusto Zubiaga was born in the Basque Country&nbsp; in 1965&#8211;&nbsp;Phd. &nbsp;in Fine Arts and&nbsp;Professor&nbsp;&nbsp;in the Fine Arts School of the Basque Country University (UPV-EHU) Since 1996&#8211; His short [&hellip;]<\/p>\n","protected":false},"author":1,"featured_media":0,"parent":0,"menu_order":0,"comment_status":"closed","ping_status":"closed","template":"","meta":{"footnotes":""},"class_list":["post-566","page","type-page","status-publish","hentry"],"_links":{"self":[{"href":"https:\/\/www.augustozubiaga.com\/web\/wp-json\/wp\/v2\/pages\/566","targetHints":{"allow":["GET"]}}],"collection":[{"href":"https:\/\/www.augustozubiaga.com\/web\/wp-json\/wp\/v2\/pages"}],"about":[{"href":"https:\/\/www.augustozubiaga.com\/web\/wp-json\/wp\/v2\/types\/page"}],"author":[{"embeddable":true,"href":"https:\/\/www.augustozubiaga.com\/web\/wp-json\/wp\/v2\/users\/1"}],"replies":[{"embeddable":true,"href":"https:\/\/www.augustozubiaga.com\/web\/wp-json\/wp\/v2\/comments?post=566"}],"version-history":[{"count":24,"href":"https:\/\/www.augustozubiaga.com\/web\/wp-json\/wp\/v2\/pages\/566\/revisions"}],"predecessor-version":[{"id":2023,"href":"https:\/\/www.augustozubiaga.com\/web\/wp-json\/wp\/v2\/pages\/566\/revisions\/2023"}],"wp:attachment":[{"href":"https:\/\/www.augustozubiaga.com\/web\/wp-json\/wp\/v2\/media?parent=566"}],"curies":[{"name":"wp","href":"https:\/\/api.w.org\/{rel}","templated":true}]}}